{"id":970,"date":"2019-09-04T16:25:02","date_gmt":"2019-09-04T14:25:02","guid":{"rendered":"https:\/\/moma-crisis.com\/training\/"},"modified":"2021-12-03T13:36:46","modified_gmt":"2021-12-03T11:36:46","slug":"training","status":"publish","type":"page","link":"https:\/\/moma-crisis.com\/en\/training\/","title":{"rendered":"Training"},"content":{"rendered":"\t\t<div data-elementor-type=\"wp-post\" data-elementor-id=\"970\" class=\"elementor elementor-970 elementor-116\" data-elementor-post-type=\"page\">\n\t\t\t\t\t\t<section class=\"elementor-section elementor-top-section elementor-element elementor-element-272a4158 elementor-section-full_width elementor-section-height-default elementor-section-height-default\" data-id=\"272a4158\" data-element_type=\"section\" data-e-type=\"section\" data-settings=\"{&quot;background_background&quot;:&quot;classic&quot;}\">\n\t\t\t\t\t\t<div class=\"elementor-container elementor-column-gap-default\">\n\t\t\t\t\t<div class=\"elementor-column elementor-col-100 elementor-top-column elementor-element elementor-element-5c34b715\" data-id=\"5c34b715\" data-element_type=\"column\" data-e-type=\"column\">\n\t\t\t<div class=\"elementor-widget-wrap elementor-element-populated\">\n\t\t\t\t\t\t<div class=\"elementor-element elementor-element-5c7300f0 elementor-widget elementor-widget-heading\" data-id=\"5c7300f0\" data-element_type=\"widget\" data-e-type=\"widget\" data-widget_type=\"heading.default\">\n\t\t\t\t<div class=\"elementor-widget-container\">\n\t\t\t\t\t<h1 class=\"elementor-heading-title elementor-size-default\">TRAINING<\/h1>\t\t\t\t<\/div>\n\t\t\t\t<\/div>\n\t\t\t\t<div class=\"elementor-element elementor-element-24886ce7 elementor-widget-divider--view-line elementor-widget elementor-widget-divider\" data-id=\"24886ce7\" data-element_type=\"widget\" data-e-type=\"widget\" data-widget_type=\"divider.default\">\n\t\t\t\t<div class=\"elementor-widget-container\">\n\t\t\t\t\t\t\t<div class=\"elementor-divider\">\n\t\t\t<span class=\"elementor-divider-separator\">\n\t\t\t\t\t\t<\/span>\n\t\t<\/div>\n\t\t\t\t\t\t<\/div>\n\t\t\t\t<\/div>\n\t\t\t\t\t<\/div>\n\t\t<\/div>\n\t\t\t\t\t<\/div>\n\t\t<\/section>\n\t\t\t\t<section class=\"elementor-section elementor-top-section elementor-element elementor-element-12559387 elementor-section-stretched elementor-section-full_width elementor-section-height-default elementor-section-height-default\" data-id=\"12559387\" data-element_type=\"section\" data-e-type=\"section\" data-settings=\"{&quot;background_background&quot;:&quot;gradient&quot;,&quot;stretch_section&quot;:&quot;section-stretched&quot;}\">\n\t\t\t\t\t\t<div class=\"elementor-container elementor-column-gap-default\">\n\t\t\t\t\t<div class=\"elementor-column elementor-col-50 elementor-top-column elementor-element elementor-element-22a4f412\" data-id=\"22a4f412\" data-element_type=\"column\" data-e-type=\"column\">\n\t\t\t<div class=\"elementor-widget-wrap elementor-element-populated\">\n\t\t\t\t\t\t<div class=\"elementor-element elementor-element-9b5f2e0 elementor-widget elementor-widget-image\" data-id=\"9b5f2e0\" data-element_type=\"widget\" data-e-type=\"widget\" data-widget_type=\"image.default\">\n\t\t\t\t<div class=\"elementor-widget-container\">\n\t\t\t\t\t\t\t\t\t\t\t\t\t\t\t<img decoding=\"async\" src=\"https:\/\/moma-crisis.com\/wp-content\/uploads\/2019\/05\/people-3370833_1920.jpg\" title=\"\" alt=\"\" loading=\"lazy\" \/>\t\t\t\t\t\t\t\t\t\t\t\t\t\t\t<\/div>\n\t\t\t\t<\/div>\n\t\t\t\t\t<\/div>\n\t\t<\/div>\n\t\t\t\t<div class=\"elementor-column elementor-col-50 elementor-top-column elementor-element elementor-element-647ead8f\" data-id=\"647ead8f\" data-element_type=\"column\" data-e-type=\"column\">\n\t\t\t<div class=\"elementor-widget-wrap elementor-element-populated\">\n\t\t\t\t\t\t<div class=\"elementor-element elementor-element-44dba8ca heading_grey elementor-widget elementor-widget-heading\" data-id=\"44dba8ca\" data-element_type=\"widget\" data-e-type=\"widget\" data-widget_type=\"heading.default\">\n\t\t\t\t<div class=\"elementor-widget-container\">\n\t\t\t\t\t<h2 class=\"elementor-heading-title elementor-size-default\">Training is one <br>of the main pillars <br>of crisis prevention<\/h2>\t\t\t\t<\/div>\n\t\t\t\t<\/div>\n\t\t\t\t<div class=\"elementor-element elementor-element-137b79a0 elementor-widget elementor-widget-text-editor\" data-id=\"137b79a0\" data-element_type=\"widget\" data-e-type=\"widget\" data-widget_type=\"text-editor.default\">\n\t\t\t\t<div class=\"elementor-widget-container\">\n\t\t\t\t\t\t\t\t\t<p><span style=\"background-color: transparent;\">Having a team trained in crisis management is key to guarantee effective action.<\/span><\/p><p><span style=\"background-color: transparent;\">By means of specific training that is always adapted to every client, we prepare the teams to be able to face any potential scenarios they may encounter.<\/span><\/p><p>Our aim at this stage of the preparation process is for the team to gain the required confidence and the capacity to face a critical situation.<\/p>\t\t\t\t\t\t\t\t<\/div>\n\t\t\t\t<\/div>\n\t\t\t\t\t<\/div>\n\t\t<\/div>\n\t\t\t\t\t<\/div>\n\t\t<\/section>\n\t\t\t\t<section class=\"elementor-section elementor-top-section elementor-element elementor-element-25f5865e elementor-section-stretched elementor-section-full_width elementor-section-height-default elementor-section-height-default\" data-id=\"25f5865e\" data-element_type=\"section\" data-e-type=\"section\" data-settings=\"{&quot;background_background&quot;:&quot;classic&quot;,&quot;stretch_section&quot;:&quot;section-stretched&quot;}\">\n\t\t\t\t\t\t\t<div class=\"elementor-background-overlay\"><\/div>\n\t\t\t\t\t\t\t<div class=\"elementor-container elementor-column-gap-default\">\n\t\t\t\t\t<div class=\"elementor-column elementor-col-100 elementor-top-column elementor-element elementor-element-4b795d3f\" data-id=\"4b795d3f\" data-element_type=\"column\" data-e-type=\"column\">\n\t\t\t<div class=\"elementor-widget-wrap elementor-element-populated\">\n\t\t\t\t\t\t<div class=\"elementor-element elementor-element-66c0f68f elementor-widget elementor-widget-heading\" data-id=\"66c0f68f\" data-element_type=\"widget\" data-e-type=\"widget\" data-widget_type=\"heading.default\">\n\t\t\t\t<div class=\"elementor-widget-container\">\n\t\t\t\t\t<h5 class=\"elementor-heading-title elementor-size-default\">A team trained in crisis management is the best insurance for your organisation<\/h5>\t\t\t\t<\/div>\n\t\t\t\t<\/div>\n\t\t\t\t\t<\/div>\n\t\t<\/div>\n\t\t\t\t\t<\/div>\n\t\t<\/section>\n\t\t\t\t<section class=\"elementor-section elementor-top-section elementor-element elementor-element-2f6fdd2e elementor-section-stretched elementor-section-full_width elementor-section-height-default elementor-section-height-default\" data-id=\"2f6fdd2e\" data-element_type=\"section\" data-e-type=\"section\" data-settings=\"{&quot;stretch_section&quot;:&quot;section-stretched&quot;}\">\n\t\t\t\t\t\t<div class=\"elementor-container elementor-column-gap-default\">\n\t\t\t\t\t<div class=\"elementor-column elementor-col-50 elementor-top-column elementor-element elementor-element-48a949d\" data-id=\"48a949d\" data-element_type=\"column\" data-e-type=\"column\" data-settings=\"{&quot;background_background&quot;:&quot;classic&quot;}\">\n\t\t\t<div class=\"elementor-widget-wrap elementor-element-populated\">\n\t\t\t\t\t\t<div class=\"elementor-element elementor-element-75697122 elementor-widget elementor-widget-image\" data-id=\"75697122\" data-element_type=\"widget\" data-e-type=\"widget\" data-widget_type=\"image.default\">\n\t\t\t\t<div class=\"elementor-widget-container\">\n\t\t\t\t\t\t\t\t\t\t\t\t\t\t\t<img decoding=\"async\" src=\"https:\/\/moma-crisis.com\/wp-content\/uploads\/elementor\/thumbs\/beverage-3556677_1920-pjap90qjhqn8ykdkx7blkrpzx8t8i7nh7fexe1tlge.jpg\" title=\"beverage-3556677_1920\" alt=\"Reuni\u00f3n de formaci\u00f3n para la gesti\u00f3n de crisis\" loading=\"lazy\" \/>\t\t\t\t\t\t\t\t\t\t\t\t\t\t\t<\/div>\n\t\t\t\t<\/div>\n\t\t\t\t\t<\/div>\n\t\t<\/div>\n\t\t\t\t<div class=\"elementor-column elementor-col-50 elementor-top-column elementor-element elementor-element-20c70e9\" data-id=\"20c70e9\" data-element_type=\"column\" data-e-type=\"column\">\n\t\t\t<div class=\"elementor-widget-wrap elementor-element-populated\">\n\t\t\t\t\t\t<div class=\"elementor-element elementor-element-d4a14c8 elementor-widget elementor-widget-heading\" data-id=\"d4a14c8\" data-element_type=\"widget\" data-e-type=\"widget\" data-widget_type=\"heading.default\">\n\t\t\t\t<div class=\"elementor-widget-container\">\n\t\t\t\t\t<h2 class=\"elementor-heading-title elementor-size-default\">Preparedness to any future crisis<\/h2>\t\t\t\t<\/div>\n\t\t\t\t<\/div>\n\t\t\t\t<div class=\"elementor-element elementor-element-bf04929 llista elementor-widget elementor-widget-text-editor\" data-id=\"bf04929\" data-element_type=\"widget\" data-e-type=\"widget\" data-widget_type=\"text-editor.default\">\n\t\t\t\t<div class=\"elementor-widget-container\">\n\t\t\t\t\t\t\t\t\t<p>We provide your teams with the material and emotional tools to make sure they can efficiently face potential crises. Our training programme is cross-departmental, from the managers to the front office staff.<\/p><ul><li>Corporate and crisis spokesperson<\/li><li>Crisis awareness\u00a0<\/li><li>Crisis simulations<\/li><li>Risk identification and control<\/li><li>Detection and management of crisis alerts<\/li><li>Crisis management on social media<\/li><li>Legal &amp; Comms<\/li><li>Cyber attack<\/li><\/ul>\t\t\t\t\t\t\t\t<\/div>\n\t\t\t\t<\/div>\n\t\t\t\t<div class=\"elementor-element elementor-element-d80883e elementor-widget elementor-widget-text-editor\" data-id=\"d80883e\" data-element_type=\"widget\" data-e-type=\"widget\" data-widget_type=\"text-editor.default\">\n\t\t\t\t<div class=\"elementor-widget-container\">\n\t\t\t\t\t\t\t\t\t<p>\u2026are just some of our crisis training programmes.<\/p><p>Having a well trained and prepared organisation is the best way to ensure fast and diligent action.<\/p>\t\t\t\t\t\t\t\t<\/div>\n\t\t\t\t<\/div>\n\t\t\t\t\t<\/div>\n\t\t<\/div>\n\t\t\t\t\t<\/div>\n\t\t<\/section>\n\t\t\t\t<\/div>\n\t\t","protected":false},"excerpt":{"rendered":"<p>TRAINING Training is one of the main pillars of crisis prevention Having a team trained in crisis management is key to guarantee effective action. By means of specific training that is always adapted to every client, we prepare the teams to be able to face any potential scenarios they may encounter. Our aim at this [&hellip;]<\/p>\n","protected":false},"author":4,"featured_media":0,"parent":0,"menu_order":0,"comment_status":"closed","ping_status":"closed","template":"","meta":{"site-sidebar-layout":"no-sidebar","site-content-layout":"page-builder","ast-site-content-layout":"default","site-content-style":"default","site-sidebar-style":"default","ast-global-header-display":"","ast-banner-title-visibility":"","ast-main-header-display":"","ast-hfb-above-header-display":"","ast-hfb-below-header-display":"","ast-hfb-mobile-header-display":"","site-post-title":"disabled","ast-breadcrumbs-content":"","ast-featured-img":"disabled","footer-sml-layout":"","ast-disable-related-posts":"","theme-transparent-header-meta":"default","adv-header-id-meta":"","stick-header-meta":"default","header-above-stick-meta":"","header-main-stick-meta":"","header-below-stick-meta":"","astra-migrate-meta-layouts":"default","ast-page-background-enabled":"default","ast-page-background-meta":{"desktop":{"background-color":"","background-image":"","background-repeat":"repeat","background-position":"center center","background-size":"auto","background-attachment":"scroll","background-type":"","background-media":"","overlay-type":"","overlay-color":"","overlay-opacity":"","overlay-gradient":""},"tablet":{"background-color":"","background-image":"","background-repeat":"repeat","background-position":"center center","background-size":"auto","background-attachment":"scroll","background-type":"","background-media":"","overlay-type":"","overlay-color":"","overlay-opacity":"","overlay-gradient":""},"mobile":{"background-color":"","background-image":"","background-repeat":"repeat","background-position":"center center","background-size":"auto","background-attachment":"scroll","background-type":"","background-media":"","overlay-type":"","overlay-color":"","overlay-opacity":"","overlay-gradient":""}},"ast-content-background-meta":{"desktop":{"background-color":"var(--ast-global-color-5)","background-image":"","background-repeat":"repeat","background-position":"center center","background-size":"auto","background-attachment":"scroll","background-type":"","background-media":"","overlay-type":"","overlay-color":"","overlay-opacity":"","overlay-gradient":""},"tablet":{"background-color":"var(--ast-global-color-5)","background-image":"","background-repeat":"repeat","background-position":"center center","background-size":"auto","background-attachment":"scroll","background-type":"","background-media":"","overlay-type":"","overlay-color":"","overlay-opacity":"","overlay-gradient":""},"mobile":{"background-color":"var(--ast-global-color-5)","background-image":"","background-repeat":"repeat","background-position":"center center","background-size":"auto","background-attachment":"scroll","background-type":"","background-media":"","overlay-type":"","overlay-color":"","overlay-opacity":"","overlay-gradient":""}},"footnotes":""},"class_list":["post-970","page","type-page","status-publish","hentry"],"yoast_head":"<!-- This site is optimized with the Yoast SEO plugin v27.4 - https:\/\/yoast.com\/product\/yoast-seo-wordpress\/ -->\n<title>Training - MO&amp;MA Crisis<\/title>\n<meta name=\"robots\" content=\"index, follow, max-snippet:-1, max-image-preview:large, max-video-preview:-1\" \/>\n<link rel=\"canonical\" href=\"https:\/\/moma-crisis.com\/en\/training\/\" \/>\n<meta property=\"og:locale\" content=\"en_US\" \/>\n<meta property=\"og:type\" content=\"article\" \/>\n<meta property=\"og:title\" content=\"Training - MO&amp;MA Crisis\" \/>\n<meta property=\"og:description\" content=\"TRAINING Training is one of the main pillars of crisis prevention Having a team trained in crisis management is key to guarantee effective action. By means of specific training that is always adapted to every client, we prepare the teams to be able to face any potential scenarios they may encounter. Our aim at this [&hellip;]\" \/>\n<meta property=\"og:url\" content=\"https:\/\/moma-crisis.com\/en\/training\/\" \/>\n<meta property=\"og:site_name\" content=\"MO&amp;MA Crisis\" \/>\n<meta property=\"article:modified_time\" content=\"2021-12-03T11:36:46+00:00\" \/>\n<meta property=\"og:image\" content=\"https:\/\/moma-crisis.com\/wp-content\/uploads\/2019\/05\/people-3370833_1920.jpg\" \/>\n<meta name=\"twitter:card\" content=\"summary_large_image\" \/>\n<meta name=\"twitter:label1\" content=\"Est. reading time\" \/>\n\t<meta name=\"twitter:data1\" content=\"1 minute\" \/>\n<script type=\"application\/ld+json\" class=\"yoast-schema-graph\">{\"@context\":\"https:\\\/\\\/schema.org\",\"@graph\":[{\"@type\":\"WebPage\",\"@id\":\"https:\\\/\\\/moma-crisis.com\\\/en\\\/training\\\/\",\"url\":\"https:\\\/\\\/moma-crisis.com\\\/en\\\/training\\\/\",\"name\":\"Training - MO&amp;MA Crisis\",\"isPartOf\":{\"@id\":\"https:\\\/\\\/moma-crisis.com\\\/#website\"},\"primaryImageOfPage\":{\"@id\":\"https:\\\/\\\/moma-crisis.com\\\/en\\\/training\\\/#primaryimage\"},\"image\":{\"@id\":\"https:\\\/\\\/moma-crisis.com\\\/en\\\/training\\\/#primaryimage\"},\"thumbnailUrl\":\"https:\\\/\\\/moma-crisis.com\\\/wp-content\\\/uploads\\\/2019\\\/05\\\/people-3370833_1920.jpg\",\"datePublished\":\"2019-09-04T14:25:02+00:00\",\"dateModified\":\"2021-12-03T11:36:46+00:00\",\"breadcrumb\":{\"@id\":\"https:\\\/\\\/moma-crisis.com\\\/en\\\/training\\\/#breadcrumb\"},\"inLanguage\":\"en-US\",\"potentialAction\":[{\"@type\":\"ReadAction\",\"target\":[\"https:\\\/\\\/moma-crisis.com\\\/en\\\/training\\\/\"]}]},{\"@type\":\"ImageObject\",\"inLanguage\":\"en-US\",\"@id\":\"https:\\\/\\\/moma-crisis.com\\\/en\\\/training\\\/#primaryimage\",\"url\":\"https:\\\/\\\/moma-crisis.com\\\/wp-content\\\/uploads\\\/2019\\\/05\\\/people-3370833_1920.jpg\",\"contentUrl\":\"https:\\\/\\\/moma-crisis.com\\\/wp-content\\\/uploads\\\/2019\\\/05\\\/people-3370833_1920.jpg\"},{\"@type\":\"BreadcrumbList\",\"@id\":\"https:\\\/\\\/moma-crisis.com\\\/en\\\/training\\\/#breadcrumb\",\"itemListElement\":[{\"@type\":\"ListItem\",\"position\":1,\"name\":\"Portada\",\"item\":\"https:\\\/\\\/moma-crisis.com\\\/en\\\/home\\\/\"},{\"@type\":\"ListItem\",\"position\":2,\"name\":\"Training\"}]},{\"@type\":\"WebSite\",\"@id\":\"https:\\\/\\\/moma-crisis.com\\\/#website\",\"url\":\"https:\\\/\\\/moma-crisis.com\\\/\",\"name\":\"Moma Crisis\",\"description\":\"Gesti\u00f3n y formaci\u00f3n de crisis\",\"publisher\":{\"@id\":\"https:\\\/\\\/moma-crisis.com\\\/#organization\"},\"potentialAction\":[{\"@type\":\"SearchAction\",\"target\":{\"@type\":\"EntryPoint\",\"urlTemplate\":\"https:\\\/\\\/moma-crisis.com\\\/?s={search_term_string}\"},\"query-input\":{\"@type\":\"PropertyValueSpecification\",\"valueRequired\":true,\"valueName\":\"search_term_string\"}}],\"inLanguage\":\"en-US\"},{\"@type\":\"Organization\",\"@id\":\"https:\\\/\\\/moma-crisis.com\\\/#organization\",\"name\":\"Moma Crisis\",\"url\":\"https:\\\/\\\/moma-crisis.com\\\/\",\"logo\":{\"@type\":\"ImageObject\",\"inLanguage\":\"en-US\",\"@id\":\"https:\\\/\\\/moma-crisis.com\\\/#\\\/schema\\\/logo\\\/image\\\/\",\"url\":\"https:\\\/\\\/moma-crisis.com\\\/wp-content\\\/uploads\\\/2024\\\/12\\\/moma-crisis-management-logo-1.png\",\"contentUrl\":\"https:\\\/\\\/moma-crisis.com\\\/wp-content\\\/uploads\\\/2024\\\/12\\\/moma-crisis-management-logo-1.png\",\"width\":1137,\"height\":365,\"caption\":\"Moma Crisis\"},\"image\":{\"@id\":\"https:\\\/\\\/moma-crisis.com\\\/#\\\/schema\\\/logo\\\/image\\\/\"}}]}<\/script>\n<!-- \/ Yoast SEO plugin. -->","yoast_head_json":{"title":"Training - MO&amp;MA Crisis","robots":{"index":"index","follow":"follow","max-snippet":"max-snippet:-1","max-image-preview":"max-image-preview:large","max-video-preview":"max-video-preview:-1"},"canonical":"https:\/\/moma-crisis.com\/en\/training\/","og_locale":"en_US","og_type":"article","og_title":"Training - MO&amp;MA Crisis","og_description":"TRAINING Training is one of the main pillars of crisis prevention Having a team trained in crisis management is key to guarantee effective action. By means of specific training that is always adapted to every client, we prepare the teams to be able to face any potential scenarios they may encounter. Our aim at this [&hellip;]","og_url":"https:\/\/moma-crisis.com\/en\/training\/","og_site_name":"MO&amp;MA Crisis","article_modified_time":"2021-12-03T11:36:46+00:00","og_image":[{"url":"https:\/\/moma-crisis.com\/wp-content\/uploads\/2019\/05\/people-3370833_1920.jpg","type":"","width":"","height":""}],"twitter_card":"summary_large_image","twitter_misc":{"Est. reading time":"1 minute"},"schema":{"@context":"https:\/\/schema.org","@graph":[{"@type":"WebPage","@id":"https:\/\/moma-crisis.com\/en\/training\/","url":"https:\/\/moma-crisis.com\/en\/training\/","name":"Training - MO&amp;MA Crisis","isPartOf":{"@id":"https:\/\/moma-crisis.com\/#website"},"primaryImageOfPage":{"@id":"https:\/\/moma-crisis.com\/en\/training\/#primaryimage"},"image":{"@id":"https:\/\/moma-crisis.com\/en\/training\/#primaryimage"},"thumbnailUrl":"https:\/\/moma-crisis.com\/wp-content\/uploads\/2019\/05\/people-3370833_1920.jpg","datePublished":"2019-09-04T14:25:02+00:00","dateModified":"2021-12-03T11:36:46+00:00","breadcrumb":{"@id":"https:\/\/moma-crisis.com\/en\/training\/#breadcrumb"},"inLanguage":"en-US","potentialAction":[{"@type":"ReadAction","target":["https:\/\/moma-crisis.com\/en\/training\/"]}]},{"@type":"ImageObject","inLanguage":"en-US","@id":"https:\/\/moma-crisis.com\/en\/training\/#primaryimage","url":"https:\/\/moma-crisis.com\/wp-content\/uploads\/2019\/05\/people-3370833_1920.jpg","contentUrl":"https:\/\/moma-crisis.com\/wp-content\/uploads\/2019\/05\/people-3370833_1920.jpg"},{"@type":"BreadcrumbList","@id":"https:\/\/moma-crisis.com\/en\/training\/#breadcrumb","itemListElement":[{"@type":"ListItem","position":1,"name":"Portada","item":"https:\/\/moma-crisis.com\/en\/home\/"},{"@type":"ListItem","position":2,"name":"Training"}]},{"@type":"WebSite","@id":"https:\/\/moma-crisis.com\/#website","url":"https:\/\/moma-crisis.com\/","name":"Moma Crisis","description":"Gesti\u00f3n y formaci\u00f3n de crisis","publisher":{"@id":"https:\/\/moma-crisis.com\/#organization"},"potentialAction":[{"@type":"SearchAction","target":{"@type":"EntryPoint","urlTemplate":"https:\/\/moma-crisis.com\/?s={search_term_string}"},"query-input":{"@type":"PropertyValueSpecification","valueRequired":true,"valueName":"search_term_string"}}],"inLanguage":"en-US"},{"@type":"Organization","@id":"https:\/\/moma-crisis.com\/#organization","name":"Moma Crisis","url":"https:\/\/moma-crisis.com\/","logo":{"@type":"ImageObject","inLanguage":"en-US","@id":"https:\/\/moma-crisis.com\/#\/schema\/logo\/image\/","url":"https:\/\/moma-crisis.com\/wp-content\/uploads\/2024\/12\/moma-crisis-management-logo-1.png","contentUrl":"https:\/\/moma-crisis.com\/wp-content\/uploads\/2024\/12\/moma-crisis-management-logo-1.png","width":1137,"height":365,"caption":"Moma Crisis"},"image":{"@id":"https:\/\/moma-crisis.com\/#\/schema\/logo\/image\/"}}]}},"_links":{"self":[{"href":"https:\/\/moma-crisis.com\/en\/wp-json\/wp\/v2\/pages\/970","targetHints":{"allow":["GET"]}}],"collection":[{"href":"https:\/\/moma-crisis.com\/en\/wp-json\/wp\/v2\/pages"}],"about":[{"href":"https:\/\/moma-crisis.com\/en\/wp-json\/wp\/v2\/types\/page"}],"author":[{"embeddable":true,"href":"https:\/\/moma-crisis.com\/en\/wp-json\/wp\/v2\/users\/4"}],"replies":[{"embeddable":true,"href":"https:\/\/moma-crisis.com\/en\/wp-json\/wp\/v2\/comments?post=970"}],"version-history":[{"count":5,"href":"https:\/\/moma-crisis.com\/en\/wp-json\/wp\/v2\/pages\/970\/revisions"}],"predecessor-version":[{"id":9715,"href":"https:\/\/moma-crisis.com\/en\/wp-json\/wp\/v2\/pages\/970\/revisions\/9715"}],"wp:attachment":[{"href":"https:\/\/moma-crisis.com\/en\/wp-json\/wp\/v2\/media?parent=970"}],"curies":[{"name":"wp","href":"https:\/\/api.w.org\/{rel}","templated":true}]}}