{"id":934,"date":"2019-09-04T16:21:49","date_gmt":"2019-09-04T14:21:49","guid":{"rendered":"https:\/\/moma-crisis.com\/crisis-management\/"},"modified":"2021-11-24T13:31:45","modified_gmt":"2021-11-24T11:31:45","slug":"crisis-management","status":"publish","type":"page","link":"https:\/\/moma-crisis.com\/en\/crisis-management\/","title":{"rendered":"Crisis management"},"content":{"rendered":"\t\t<div data-elementor-type=\"wp-post\" data-elementor-id=\"934\" class=\"elementor elementor-934 elementor-102\" data-elementor-post-type=\"page\">\n\t\t\t\t\t\t<section class=\"elementor-section elementor-top-section elementor-element elementor-element-16e6d69e elementor-section-full_width elementor-section-height-default elementor-section-height-default\" data-id=\"16e6d69e\" data-element_type=\"section\" data-e-type=\"section\" data-settings=\"{&quot;background_background&quot;:&quot;classic&quot;}\">\n\t\t\t\t\t\t<div class=\"elementor-container elementor-column-gap-default\">\n\t\t\t\t\t<div class=\"elementor-column elementor-col-100 elementor-top-column elementor-element elementor-element-257e016\" data-id=\"257e016\" data-element_type=\"column\" data-e-type=\"column\">\n\t\t\t<div class=\"elementor-widget-wrap elementor-element-populated\">\n\t\t\t\t\t\t<div class=\"elementor-element elementor-element-48369f98 elementor-widget elementor-widget-heading\" data-id=\"48369f98\" data-element_type=\"widget\" data-e-type=\"widget\" data-widget_type=\"heading.default\">\n\t\t\t\t<div class=\"elementor-widget-container\">\n\t\t\t\t\t<h1 class=\"elementor-heading-title elementor-size-default\">CRISIS MANAGEMENT<\/h1>\t\t\t\t<\/div>\n\t\t\t\t<\/div>\n\t\t\t\t<div class=\"elementor-element elementor-element-3efbe17 elementor-widget-divider--view-line elementor-widget elementor-widget-divider\" data-id=\"3efbe17\" data-element_type=\"widget\" data-e-type=\"widget\" data-widget_type=\"divider.default\">\n\t\t\t\t<div class=\"elementor-widget-container\">\n\t\t\t\t\t\t\t<div class=\"elementor-divider\">\n\t\t\t<span class=\"elementor-divider-separator\">\n\t\t\t\t\t\t<\/span>\n\t\t<\/div>\n\t\t\t\t\t\t<\/div>\n\t\t\t\t<\/div>\n\t\t\t\t\t<\/div>\n\t\t<\/div>\n\t\t\t\t\t<\/div>\n\t\t<\/section>\n\t\t\t\t<section class=\"elementor-section elementor-top-section elementor-element elementor-element-736c853 elementor-section-stretched elementor-section-full_width elementor-section-height-default elementor-section-height-default\" data-id=\"736c853\" data-element_type=\"section\" data-e-type=\"section\" data-settings=\"{&quot;background_background&quot;:&quot;classic&quot;,&quot;stretch_section&quot;:&quot;section-stretched&quot;}\">\n\t\t\t\t\t\t<div class=\"elementor-container elementor-column-gap-default\">\n\t\t\t\t\t<div class=\"elementor-column elementor-col-50 elementor-top-column elementor-element elementor-element-d15736f\" data-id=\"d15736f\" data-element_type=\"column\" data-e-type=\"column\" data-settings=\"{&quot;background_background&quot;:&quot;classic&quot;}\">\n\t\t\t<div class=\"elementor-widget-wrap elementor-element-populated\">\n\t\t\t\t\t\t<div class=\"elementor-element elementor-element-ccffd5d elementor-widget elementor-widget-image\" data-id=\"ccffd5d\" data-element_type=\"widget\" data-e-type=\"widget\" data-widget_type=\"image.default\">\n\t\t\t\t<div class=\"elementor-widget-container\">\n\t\t\t\t\t\t\t\t\t\t\t\t\t\t\t<img fetchpriority=\"high\" decoding=\"async\" width=\"1000\" height=\"667\" src=\"https:\/\/moma-crisis.com\/wp-content\/uploads\/2019\/06\/AdobeStock_158504099.jpeg\" class=\"attachment-full size-full wp-image-935\" alt=\"Reuni\u00f3n de consultor\u00eda para gesti\u00f3n de crisis\" srcset=\"https:\/\/moma-crisis.com\/wp-content\/uploads\/2019\/06\/AdobeStock_158504099.jpeg 1000w, https:\/\/moma-crisis.com\/wp-content\/uploads\/2019\/06\/AdobeStock_158504099-300x200.jpeg 300w, https:\/\/moma-crisis.com\/wp-content\/uploads\/2019\/06\/AdobeStock_158504099-768x512.jpeg 768w\" sizes=\"(max-width: 1000px) 100vw, 1000px\" \/>\t\t\t\t\t\t\t\t\t\t\t\t\t\t\t<\/div>\n\t\t\t\t<\/div>\n\t\t\t\t\t<\/div>\n\t\t<\/div>\n\t\t\t\t<div class=\"elementor-column elementor-col-50 elementor-top-column elementor-element elementor-element-3506ab2\" data-id=\"3506ab2\" data-element_type=\"column\" data-e-type=\"column\">\n\t\t\t<div class=\"elementor-widget-wrap elementor-element-populated\">\n\t\t\t\t\t\t<div class=\"elementor-element elementor-element-28d606ea heading_grey elementor-widget elementor-widget-heading\" data-id=\"28d606ea\" data-element_type=\"widget\" data-e-type=\"widget\" data-widget_type=\"heading.default\">\n\t\t\t\t<div class=\"elementor-widget-container\">\n\t\t\t\t\t<h2 class=\"elementor-heading-title elementor-size-default\">We manage <br>any potential crisis<\/h2>\t\t\t\t<\/div>\n\t\t\t\t<\/div>\n\t\t\t\t<div class=\"elementor-element elementor-element-5396aee8 elementor-widget elementor-widget-text-editor\" data-id=\"5396aee8\" data-element_type=\"widget\" data-e-type=\"widget\" data-widget_type=\"text-editor.default\">\n\t\t\t\t<div class=\"elementor-widget-container\">\n\t\t\t\t\t\t\t\t\t<p>A crisis occurs unexpectedly, and it may happen for a number of reasons. In such a situation, a good degree of calm and experience is required in order to be able to control and minimize its negative effects on the business and its reputation.<\/p><p>At MO&amp;MA, we integrate knowledge of the business world, legal advice and crisis communications so as to offer a consultancy service that adapts to any sector or business.<\/p>\t\t\t\t\t\t\t\t<\/div>\n\t\t\t\t<\/div>\n\t\t\t\t\t<\/div>\n\t\t<\/div>\n\t\t\t\t\t<\/div>\n\t\t<\/section>\n\t\t\t\t<section class=\"elementor-section elementor-top-section elementor-element elementor-element-7d0781e elementor-section-stretched elementor-section-full_width elementor-section-height-default elementor-section-height-default\" data-id=\"7d0781e\" data-element_type=\"section\" data-e-type=\"section\" data-settings=\"{&quot;background_background&quot;:&quot;gradient&quot;,&quot;stretch_section&quot;:&quot;section-stretched&quot;}\">\n\t\t\t\t\t\t<div class=\"elementor-container elementor-column-gap-default\">\n\t\t\t\t\t<div class=\"elementor-column elementor-col-50 elementor-top-column elementor-element elementor-element-ce6c58d\" data-id=\"ce6c58d\" data-element_type=\"column\" data-e-type=\"column\" data-settings=\"{&quot;background_background&quot;:&quot;classic&quot;}\">\n\t\t\t<div class=\"elementor-widget-wrap elementor-element-populated\">\n\t\t\t\t\t\t<div class=\"elementor-element elementor-element-1852736 elementor-widget elementor-widget-heading\" data-id=\"1852736\" data-element_type=\"widget\" data-e-type=\"widget\" data-widget_type=\"heading.default\">\n\t\t\t\t<div class=\"elementor-widget-container\">\n\t\t\t\t\t<h2 class=\"elementor-heading-title elementor-size-default\">A methodology that adapts to every case and client<\/h2>\t\t\t\t<\/div>\n\t\t\t\t<\/div>\n\t\t\t\t<div class=\"elementor-element elementor-element-bcd7e4d elementor-widget elementor-widget-text-editor\" data-id=\"bcd7e4d\" data-element_type=\"widget\" data-e-type=\"widget\" data-widget_type=\"text-editor.default\">\n\t\t\t\t<div class=\"elementor-widget-container\">\n\t\t\t\t\t\t\t\t\t<ul style=\"padding-left: 0px; margin-left: 50px;\">\n<li>Consultancy and support 24\/7<\/li>\n<li>Analysis of the crisis scenario<\/li>\n<li>Crisis strategy and action plan<\/li>\n<li>Contingency plans<\/li>\n<li>Organisation of the crisis team<\/li>\n<li>Online and offline management<\/li>\n<li>Crisis press office<\/li>\n<li>Legal advice on crisis<\/li>\n<li>Crisis closure<\/li>\n<\/ul>\n\t\t\t\t\t\t\t\t<\/div>\n\t\t\t\t<\/div>\n\t\t\t\t\t<\/div>\n\t\t<\/div>\n\t\t\t\t<div class=\"elementor-column elementor-col-50 elementor-top-column elementor-element elementor-element-9209bb4\" data-id=\"9209bb4\" data-element_type=\"column\" data-e-type=\"column\" data-settings=\"{&quot;background_background&quot;:&quot;classic&quot;}\">\n\t\t\t<div class=\"elementor-widget-wrap elementor-element-populated\">\n\t\t\t\t\t\t<div class=\"elementor-element elementor-element-f621623 elementor-widget elementor-widget-image\" data-id=\"f621623\" data-element_type=\"widget\" data-e-type=\"widget\" data-widget_type=\"image.default\">\n\t\t\t\t<div class=\"elementor-widget-container\">\n\t\t\t\t\t\t\t\t\t\t\t\t\t\t\t<img decoding=\"async\" src=\"https:\/\/moma-crisis.com\/wp-content\/uploads\/elementor\/thumbs\/drew-beamer-692664-unsplash-pjapglbtqledas4dppofg60r3ql527jx4h0ykey2r4.jpg\" title=\"drew-beamer-692664-unsplash\" alt=\"Despacho de empresa\" loading=\"lazy\" \/>\t\t\t\t\t\t\t\t\t\t\t\t\t\t\t<\/div>\n\t\t\t\t<\/div>\n\t\t\t\t\t<\/div>\n\t\t<\/div>\n\t\t\t\t\t<\/div>\n\t\t<\/section>\n\t\t\t\t<section class=\"elementor-section elementor-top-section elementor-element elementor-element-7c6d775 elementor-section-stretched elementor-section-full_width elementor-section-height-default elementor-section-height-default\" data-id=\"7c6d775\" data-element_type=\"section\" data-e-type=\"section\" data-settings=\"{&quot;stretch_section&quot;:&quot;section-stretched&quot;}\">\n\t\t\t\t\t\t<div class=\"elementor-container elementor-column-gap-default\">\n\t\t\t\t\t<div class=\"elementor-column elementor-col-50 elementor-top-column elementor-element elementor-element-165d5db\" data-id=\"165d5db\" data-element_type=\"column\" data-e-type=\"column\">\n\t\t\t<div class=\"elementor-widget-wrap elementor-element-populated\">\n\t\t\t\t\t\t<div class=\"elementor-element elementor-element-166290f elementor-widget elementor-widget-heading\" data-id=\"166290f\" data-element_type=\"widget\" data-e-type=\"widget\" data-widget_type=\"heading.default\">\n\t\t\t\t<div class=\"elementor-widget-container\">\n\t\t\t\t\t<h2 class=\"elementor-heading-title elementor-size-default\">We assist you in containing and counteracting the effects of the crisis<\/h2>\t\t\t\t<\/div>\n\t\t\t\t<\/div>\n\t\t\t\t<div class=\"elementor-element elementor-element-07111e0 elementor-widget elementor-widget-text-editor\" data-id=\"07111e0\" data-element_type=\"widget\" data-e-type=\"widget\" data-widget_type=\"text-editor.default\">\n\t\t\t\t<div class=\"elementor-widget-container\">\n\t\t\t\t\t\t\t\t\t<p>A poorly managed crisis may increase its negative impact. Hence, our specialisation in crisis management allows us to contain the risks for your business, protect relationships with your stakeholders and minimise its reputational impact.<\/p><p>What may be a headache for many people is what we are dedicated to doing every day. Leave the whole crisis management process in expert hands!<\/p>\t\t\t\t\t\t\t\t<\/div>\n\t\t\t\t<\/div>\n\t\t\t\t\t<\/div>\n\t\t<\/div>\n\t\t\t\t<div class=\"elementor-column elementor-col-50 elementor-top-column elementor-element elementor-element-24df6a6\" data-id=\"24df6a6\" data-element_type=\"column\" data-e-type=\"column\" data-settings=\"{&quot;background_background&quot;:&quot;classic&quot;}\">\n\t\t\t<div class=\"elementor-widget-wrap elementor-element-populated\">\n\t\t\t\t\t\t<div class=\"elementor-element elementor-element-9f5e957 elementor-widget elementor-widget-image\" data-id=\"9f5e957\" data-element_type=\"widget\" data-e-type=\"widget\" data-widget_type=\"image.default\">\n\t\t\t\t<div class=\"elementor-widget-container\">\n\t\t\t\t\t\t\t\t\t\t\t\t\t\t\t<img decoding=\"async\" src=\"https:\/\/moma-crisis.com\/wp-content\/uploads\/elementor\/thumbs\/hello-i-m-nik-lY9_CDZoupk-unsplash-scaled-pjao1t3naxl82snt4opac8g76e6tjnd1p5swpgctdk.jpg\" title=\"hello-i-m-nik-lY9_CDZoupk-unsplash\" alt=\"Documentaci\u00f3n estructurada para un plan de contingencia empresarial.\" loading=\"lazy\" \/>\t\t\t\t\t\t\t\t\t\t\t\t\t\t\t<\/div>\n\t\t\t\t<\/div>\n\t\t\t\t\t<\/div>\n\t\t<\/div>\n\t\t\t\t\t<\/div>\n\t\t<\/section>\n\t\t\t\t<\/div>\n\t\t","protected":false},"excerpt":{"rendered":"<p>CRISIS MANAGEMENT We manage any potential crisis A crisis occurs unexpectedly, and it may happen for a number of reasons. In such a situation, a good degree of calm and experience is required in order to be able to control and minimize its negative effects on the business and its reputation. At MO&amp;MA, we integrate [&hellip;]<\/p>\n","protected":false},"author":4,"featured_media":0,"parent":0,"menu_order":0,"comment_status":"closed","ping_status":"closed","template":"","meta":{"site-sidebar-layout":"no-sidebar","site-content-layout":"page-builder","ast-site-content-layout":"default","site-content-style":"default","site-sidebar-style":"default","ast-global-header-display":"","ast-banner-title-visibility":"","ast-main-header-display":"","ast-hfb-above-header-display":"","ast-hfb-below-header-display":"","ast-hfb-mobile-header-display":"","site-post-title":"disabled","ast-breadcrumbs-content":"","ast-featured-img":"disabled","footer-sml-layout":"","ast-disable-related-posts":"","theme-transparent-header-meta":"default","adv-header-id-meta":"","stick-header-meta":"default","header-above-stick-meta":"","header-main-stick-meta":"","header-below-stick-meta":"","astra-migrate-meta-layouts":"default","ast-page-background-enabled":"default","ast-page-background-meta":{"desktop":{"background-color":"","background-image":"","background-repeat":"repeat","background-position":"center center","background-size":"auto","background-attachment":"scroll","background-type":"","background-media":"","overlay-type":"","overlay-color":"","overlay-opacity":"","overlay-gradient":""},"tablet":{"background-color":"","background-image":"","background-repeat":"repeat","background-position":"center center","background-size":"auto","background-attachment":"scroll","background-type":"","background-media":"","overlay-type":"","overlay-color":"","overlay-opacity":"","overlay-gradient":""},"mobile":{"background-color":"","background-image":"","background-repeat":"repeat","background-position":"center center","background-size":"auto","background-attachment":"scroll","background-type":"","background-media":"","overlay-type":"","overlay-color":"","overlay-opacity":"","overlay-gradient":""}},"ast-content-background-meta":{"desktop":{"background-color":"var(--ast-global-color-5)","background-image":"","background-repeat":"repeat","background-position":"center center","background-size":"auto","background-attachment":"scroll","background-type":"","background-media":"","overlay-type":"","overlay-color":"","overlay-opacity":"","overlay-gradient":""},"tablet":{"background-color":"var(--ast-global-color-5)","background-image":"","background-repeat":"repeat","background-position":"center center","background-size":"auto","background-attachment":"scroll","background-type":"","background-media":"","overlay-type":"","overlay-color":"","overlay-opacity":"","overlay-gradient":""},"mobile":{"background-color":"var(--ast-global-color-5)","background-image":"","background-repeat":"repeat","background-position":"center center","background-size":"auto","background-attachment":"scroll","background-type":"","background-media":"","overlay-type":"","overlay-color":"","overlay-opacity":"","overlay-gradient":""}},"footnotes":""},"class_list":["post-934","page","type-page","status-publish","hentry"],"yoast_head":"<!-- This site is optimized with the Yoast SEO plugin v27.4 - https:\/\/yoast.com\/product\/yoast-seo-wordpress\/ -->\n<title>Crisis management - MO&amp;MA Crisis<\/title>\n<meta name=\"robots\" content=\"index, follow, max-snippet:-1, max-image-preview:large, max-video-preview:-1\" \/>\n<link rel=\"canonical\" href=\"https:\/\/moma-crisis.com\/en\/crisis-management\/\" \/>\n<meta property=\"og:locale\" content=\"en_US\" \/>\n<meta property=\"og:type\" content=\"article\" \/>\n<meta property=\"og:title\" content=\"Crisis management - MO&amp;MA Crisis\" \/>\n<meta property=\"og:description\" content=\"CRISIS MANAGEMENT We manage any potential crisis A crisis occurs unexpectedly, and it may happen for a number of reasons. In such a situation, a good degree of calm and experience is required in order to be able to control and minimize its negative effects on the business and its reputation. At MO&amp;MA, we integrate [&hellip;]\" \/>\n<meta property=\"og:url\" content=\"https:\/\/moma-crisis.com\/en\/crisis-management\/\" \/>\n<meta property=\"og:site_name\" content=\"MO&amp;MA Crisis\" \/>\n<meta property=\"article:modified_time\" content=\"2021-11-24T11:31:45+00:00\" \/>\n<meta property=\"og:image\" content=\"https:\/\/moma-crisis.com\/wp-content\/uploads\/2019\/06\/AdobeStock_158504099.jpeg\" \/>\n\t<meta property=\"og:image:width\" content=\"1000\" \/>\n\t<meta property=\"og:image:height\" content=\"667\" \/>\n\t<meta property=\"og:image:type\" content=\"image\/jpeg\" \/>\n<meta name=\"twitter:card\" content=\"summary_large_image\" \/>\n<meta name=\"twitter:label1\" content=\"Est. reading time\" \/>\n\t<meta name=\"twitter:data1\" content=\"1 minute\" \/>\n<script type=\"application\/ld+json\" class=\"yoast-schema-graph\">{\"@context\":\"https:\\\/\\\/schema.org\",\"@graph\":[{\"@type\":\"WebPage\",\"@id\":\"https:\\\/\\\/moma-crisis.com\\\/en\\\/crisis-management\\\/\",\"url\":\"https:\\\/\\\/moma-crisis.com\\\/en\\\/crisis-management\\\/\",\"name\":\"Crisis management - MO&amp;MA Crisis\",\"isPartOf\":{\"@id\":\"https:\\\/\\\/moma-crisis.com\\\/#website\"},\"primaryImageOfPage\":{\"@id\":\"https:\\\/\\\/moma-crisis.com\\\/en\\\/crisis-management\\\/#primaryimage\"},\"image\":{\"@id\":\"https:\\\/\\\/moma-crisis.com\\\/en\\\/crisis-management\\\/#primaryimage\"},\"thumbnailUrl\":\"https:\\\/\\\/moma-crisis.com\\\/wp-content\\\/uploads\\\/2019\\\/06\\\/AdobeStock_158504099.jpeg\",\"datePublished\":\"2019-09-04T14:21:49+00:00\",\"dateModified\":\"2021-11-24T11:31:45+00:00\",\"breadcrumb\":{\"@id\":\"https:\\\/\\\/moma-crisis.com\\\/en\\\/crisis-management\\\/#breadcrumb\"},\"inLanguage\":\"en-US\",\"potentialAction\":[{\"@type\":\"ReadAction\",\"target\":[\"https:\\\/\\\/moma-crisis.com\\\/en\\\/crisis-management\\\/\"]}]},{\"@type\":\"ImageObject\",\"inLanguage\":\"en-US\",\"@id\":\"https:\\\/\\\/moma-crisis.com\\\/en\\\/crisis-management\\\/#primaryimage\",\"url\":\"https:\\\/\\\/moma-crisis.com\\\/wp-content\\\/uploads\\\/2019\\\/06\\\/AdobeStock_158504099.jpeg\",\"contentUrl\":\"https:\\\/\\\/moma-crisis.com\\\/wp-content\\\/uploads\\\/2019\\\/06\\\/AdobeStock_158504099.jpeg\"},{\"@type\":\"BreadcrumbList\",\"@id\":\"https:\\\/\\\/moma-crisis.com\\\/en\\\/crisis-management\\\/#breadcrumb\",\"itemListElement\":[{\"@type\":\"ListItem\",\"position\":1,\"name\":\"Portada\",\"item\":\"https:\\\/\\\/moma-crisis.com\\\/en\\\/home\\\/\"},{\"@type\":\"ListItem\",\"position\":2,\"name\":\"Crisis management\"}]},{\"@type\":\"WebSite\",\"@id\":\"https:\\\/\\\/moma-crisis.com\\\/#website\",\"url\":\"https:\\\/\\\/moma-crisis.com\\\/\",\"name\":\"Moma Crisis\",\"description\":\"Gesti\u00f3n y formaci\u00f3n de crisis\",\"publisher\":{\"@id\":\"https:\\\/\\\/moma-crisis.com\\\/#organization\"},\"potentialAction\":[{\"@type\":\"SearchAction\",\"target\":{\"@type\":\"EntryPoint\",\"urlTemplate\":\"https:\\\/\\\/moma-crisis.com\\\/?s={search_term_string}\"},\"query-input\":{\"@type\":\"PropertyValueSpecification\",\"valueRequired\":true,\"valueName\":\"search_term_string\"}}],\"inLanguage\":\"en-US\"},{\"@type\":\"Organization\",\"@id\":\"https:\\\/\\\/moma-crisis.com\\\/#organization\",\"name\":\"Moma Crisis\",\"url\":\"https:\\\/\\\/moma-crisis.com\\\/\",\"logo\":{\"@type\":\"ImageObject\",\"inLanguage\":\"en-US\",\"@id\":\"https:\\\/\\\/moma-crisis.com\\\/#\\\/schema\\\/logo\\\/image\\\/\",\"url\":\"https:\\\/\\\/moma-crisis.com\\\/wp-content\\\/uploads\\\/2024\\\/12\\\/moma-crisis-management-logo-1.png\",\"contentUrl\":\"https:\\\/\\\/moma-crisis.com\\\/wp-content\\\/uploads\\\/2024\\\/12\\\/moma-crisis-management-logo-1.png\",\"width\":1137,\"height\":365,\"caption\":\"Moma Crisis\"},\"image\":{\"@id\":\"https:\\\/\\\/moma-crisis.com\\\/#\\\/schema\\\/logo\\\/image\\\/\"}}]}<\/script>\n<!-- \/ Yoast SEO plugin. -->","yoast_head_json":{"title":"Crisis management - MO&amp;MA Crisis","robots":{"index":"index","follow":"follow","max-snippet":"max-snippet:-1","max-image-preview":"max-image-preview:large","max-video-preview":"max-video-preview:-1"},"canonical":"https:\/\/moma-crisis.com\/en\/crisis-management\/","og_locale":"en_US","og_type":"article","og_title":"Crisis management - MO&amp;MA Crisis","og_description":"CRISIS MANAGEMENT We manage any potential crisis A crisis occurs unexpectedly, and it may happen for a number of reasons. In such a situation, a good degree of calm and experience is required in order to be able to control and minimize its negative effects on the business and its reputation. At MO&amp;MA, we integrate [&hellip;]","og_url":"https:\/\/moma-crisis.com\/en\/crisis-management\/","og_site_name":"MO&amp;MA Crisis","article_modified_time":"2021-11-24T11:31:45+00:00","og_image":[{"width":1000,"height":667,"url":"https:\/\/moma-crisis.com\/wp-content\/uploads\/2019\/06\/AdobeStock_158504099.jpeg","type":"image\/jpeg"}],"twitter_card":"summary_large_image","twitter_misc":{"Est. reading time":"1 minute"},"schema":{"@context":"https:\/\/schema.org","@graph":[{"@type":"WebPage","@id":"https:\/\/moma-crisis.com\/en\/crisis-management\/","url":"https:\/\/moma-crisis.com\/en\/crisis-management\/","name":"Crisis management - MO&amp;MA Crisis","isPartOf":{"@id":"https:\/\/moma-crisis.com\/#website"},"primaryImageOfPage":{"@id":"https:\/\/moma-crisis.com\/en\/crisis-management\/#primaryimage"},"image":{"@id":"https:\/\/moma-crisis.com\/en\/crisis-management\/#primaryimage"},"thumbnailUrl":"https:\/\/moma-crisis.com\/wp-content\/uploads\/2019\/06\/AdobeStock_158504099.jpeg","datePublished":"2019-09-04T14:21:49+00:00","dateModified":"2021-11-24T11:31:45+00:00","breadcrumb":{"@id":"https:\/\/moma-crisis.com\/en\/crisis-management\/#breadcrumb"},"inLanguage":"en-US","potentialAction":[{"@type":"ReadAction","target":["https:\/\/moma-crisis.com\/en\/crisis-management\/"]}]},{"@type":"ImageObject","inLanguage":"en-US","@id":"https:\/\/moma-crisis.com\/en\/crisis-management\/#primaryimage","url":"https:\/\/moma-crisis.com\/wp-content\/uploads\/2019\/06\/AdobeStock_158504099.jpeg","contentUrl":"https:\/\/moma-crisis.com\/wp-content\/uploads\/2019\/06\/AdobeStock_158504099.jpeg"},{"@type":"BreadcrumbList","@id":"https:\/\/moma-crisis.com\/en\/crisis-management\/#breadcrumb","itemListElement":[{"@type":"ListItem","position":1,"name":"Portada","item":"https:\/\/moma-crisis.com\/en\/home\/"},{"@type":"ListItem","position":2,"name":"Crisis management"}]},{"@type":"WebSite","@id":"https:\/\/moma-crisis.com\/#website","url":"https:\/\/moma-crisis.com\/","name":"Moma Crisis","description":"Gesti\u00f3n y formaci\u00f3n de crisis","publisher":{"@id":"https:\/\/moma-crisis.com\/#organization"},"potentialAction":[{"@type":"SearchAction","target":{"@type":"EntryPoint","urlTemplate":"https:\/\/moma-crisis.com\/?s={search_term_string}"},"query-input":{"@type":"PropertyValueSpecification","valueRequired":true,"valueName":"search_term_string"}}],"inLanguage":"en-US"},{"@type":"Organization","@id":"https:\/\/moma-crisis.com\/#organization","name":"Moma Crisis","url":"https:\/\/moma-crisis.com\/","logo":{"@type":"ImageObject","inLanguage":"en-US","@id":"https:\/\/moma-crisis.com\/#\/schema\/logo\/image\/","url":"https:\/\/moma-crisis.com\/wp-content\/uploads\/2024\/12\/moma-crisis-management-logo-1.png","contentUrl":"https:\/\/moma-crisis.com\/wp-content\/uploads\/2024\/12\/moma-crisis-management-logo-1.png","width":1137,"height":365,"caption":"Moma Crisis"},"image":{"@id":"https:\/\/moma-crisis.com\/#\/schema\/logo\/image\/"}}]}},"_links":{"self":[{"href":"https:\/\/moma-crisis.com\/en\/wp-json\/wp\/v2\/pages\/934","targetHints":{"allow":["GET"]}}],"collection":[{"href":"https:\/\/moma-crisis.com\/en\/wp-json\/wp\/v2\/pages"}],"about":[{"href":"https:\/\/moma-crisis.com\/en\/wp-json\/wp\/v2\/types\/page"}],"author":[{"embeddable":true,"href":"https:\/\/moma-crisis.com\/en\/wp-json\/wp\/v2\/users\/4"}],"replies":[{"embeddable":true,"href":"https:\/\/moma-crisis.com\/en\/wp-json\/wp\/v2\/comments?post=934"}],"version-history":[{"count":2,"href":"https:\/\/moma-crisis.com\/en\/wp-json\/wp\/v2\/pages\/934\/revisions"}],"predecessor-version":[{"id":9692,"href":"https:\/\/moma-crisis.com\/en\/wp-json\/wp\/v2\/pages\/934\/revisions\/9692"}],"wp:attachment":[{"href":"https:\/\/moma-crisis.com\/en\/wp-json\/wp\/v2\/media?parent=934"}],"curies":[{"name":"wp","href":"https:\/\/api.w.org\/{rel}","templated":true}]}}