{"id":1622,"date":"2020-10-17T12:41:29","date_gmt":"2020-10-17T10:41:29","guid":{"rendered":"https:\/\/moma-crisis.com\/cookies-policy\/"},"modified":"2021-03-11T19:18:32","modified_gmt":"2021-03-11T17:18:32","slug":"cookies-policy","status":"publish","type":"page","link":"https:\/\/moma-crisis.com\/en\/cookies-policy\/","title":{"rendered":"Cookies policy"},"content":{"rendered":"\t\t<div data-elementor-type=\"wp-post\" data-elementor-id=\"1622\" class=\"elementor elementor-1622 elementor-1106\" data-elementor-post-type=\"page\">\n\t\t\t\t\t\t<section class=\"elementor-section elementor-top-section elementor-element elementor-element-e562eb2 elementor-section-full_width elementor-section-height-default elementor-section-height-default\" data-id=\"e562eb2\" data-element_type=\"section\" data-e-type=\"section\" data-settings=\"{&quot;background_background&quot;:&quot;classic&quot;}\">\n\t\t\t\t\t\t<div class=\"elementor-container elementor-column-gap-default\">\n\t\t\t\t\t<div class=\"elementor-column elementor-col-100 elementor-top-column elementor-element elementor-element-535311ba\" data-id=\"535311ba\" data-element_type=\"column\" data-e-type=\"column\">\n\t\t\t<div class=\"elementor-widget-wrap elementor-element-populated\">\n\t\t\t\t\t\t<div class=\"elementor-element elementor-element-34cc1a83 elementor-widget elementor-widget-heading\" data-id=\"34cc1a83\" data-element_type=\"widget\" data-e-type=\"widget\" data-widget_type=\"heading.default\">\n\t\t\t\t<div class=\"elementor-widget-container\">\n\t\t\t\t\t<h1 class=\"elementor-heading-title elementor-size-default\">Cookies policy<\/h1>\t\t\t\t<\/div>\n\t\t\t\t<\/div>\n\t\t\t\t<div class=\"elementor-element elementor-element-57bb7878 elementor-widget-divider--view-line elementor-widget elementor-widget-divider\" data-id=\"57bb7878\" data-element_type=\"widget\" data-e-type=\"widget\" data-widget_type=\"divider.default\">\n\t\t\t\t<div class=\"elementor-widget-container\">\n\t\t\t\t\t\t\t<div class=\"elementor-divider\">\n\t\t\t<span class=\"elementor-divider-separator\">\n\t\t\t\t\t\t<\/span>\n\t\t<\/div>\n\t\t\t\t\t\t<\/div>\n\t\t\t\t<\/div>\n\t\t\t\t\t<\/div>\n\t\t<\/div>\n\t\t\t\t\t<\/div>\n\t\t<\/section>\n\t\t\t\t<section class=\"elementor-section elementor-top-section elementor-element elementor-element-79c2c01 elementor-section-boxed elementor-section-height-default elementor-section-height-default\" data-id=\"79c2c01\" data-element_type=\"section\" data-e-type=\"section\">\n\t\t\t\t\t\t<div class=\"elementor-container elementor-column-gap-default\">\n\t\t\t\t\t<div class=\"elementor-column elementor-col-100 elementor-top-column elementor-element elementor-element-09b02dd\" data-id=\"09b02dd\" data-element_type=\"column\" data-e-type=\"column\">\n\t\t\t<div class=\"elementor-widget-wrap elementor-element-populated\">\n\t\t\t\t\t\t<div class=\"elementor-element elementor-element-7a22432 elementor-widget elementor-widget-text-editor\" data-id=\"7a22432\" data-element_type=\"widget\" data-e-type=\"widget\" data-widget_type=\"text-editor.default\">\n\t\t\t\t<div class=\"elementor-widget-container\">\n\t\t\t\t\t\t\t\t\t<p>MO&amp;MA Crisis Management Consultants S.L. (hereinafter MO&amp;MA) has developed this policy to inform you of what a cookie is, which we use on this website and to help you manage them according to your interest.<\/p><p>With your first visit to our website, you are being informed of the existence of cookies and of this cookie policy. In future visits you can consult our policy at any time at the bottom of the web &#8220;Cookies Policy&#8221;.<\/p><p>Likewise, by closing the notice about cookies and \/ or simply browsing our site, you are consenting to the installation of the cookies reported (unless you have modified your browser settings to reject cookies).<\/p><h5><strong>1.General information about cookies.<\/strong><\/h5><p>A &#8220;Cookie&#8221; is a small text file that a website stores in the user&#8217;s browser. Cookies facilitate the use and navigation of a web page and are essential for the functioning of the internet, providing innumerable advantages in the provision of interactive services.<\/p><p>Cookies are used, for example, to manage the user&#8217;s session (reducing the number of times they have to enter their password) or to adapt the contents of a web page to their preferences.<\/p><p>Cookies can be &#8220;session&#8221; cookies so they will be deleted once the user leaves the web page that generated them, or &#8220;persistent&#8221;, so they will remain on your computer until a specified date.<\/p><p>Likewise, cookies can be &#8220;own&#8221; or from &#8220;third parties&#8221;. The former are those that are sent to the user&#8217;s computer from a computer or domain managed by MO&amp;MA, while &#8220;third-party&#8221; cookies are those that are sent to the user&#8217;s computer from a computer or domain managed by the service providers contracted by MO&amp;MA. (for example, the web analytics service is offered by Google)<\/p><p>The purpose of this cookie policy is to help you understand the use that this website makes of cookies, the purpose of the cookies used, as well as the options that the user has at their disposal to manage them.<\/p><p>In most cases, you can access a website, even if it has been deactivated in the browser or the use of cookies is not accepted. Web browsers usually allow you to disable the use of cookies; limit them to specific web pages or configure the browser to notify you when a cookie is inserted. You can also delete them at any time from your computer&#8217;s hard drive (file: &#8220;cookies&#8221;). Note that in these cases you will usually have limitations in the presentation of the page and the user interface. Almost all browsers allow some control over most cookies through browser settings. In order to obtain more detailed information about the cookies installed on your computer and how to manage and eliminate them, enter the link corresponding to your web browser.<\/p><p>For your convenience we provide you with some help links or cookie settings for the main browsers:<\/p><p>Internet explorer &#8211; windows.microsoft.com\/es-es\/windows-vista\/block-or-allow-cookies<br \/>Firefox &#8211; support.mozilla.org\/es\/kb\/habilitar-y-deshabilitar-cookies-que-los-sitios-we<br \/>Google Chrome &#8211; support.google.com\/chrome\/bin\/answer.py?hl=es&amp;answer=95647<br \/>Safari &#8211; support.apple.com\/kb\/HT1677?viewlocale=es_ES&amp;locale=es_ES<\/p><p>The previous links can be updated by the developers of these browsers. If any link does not work or is not properly updated, you can go to the Help menu of your browser.<\/p><p>On the other hand, if you want to have more control over the installation of cookies, you can install programs or add-ons to your browser, known as \u201cDo Not Track\u201d tools that will allow you to choose the cookies you want to allow.<\/p><p>The use of the Web with the browser functionality enabled to accept coolies implies acceptance by the user of the cookie technology used by said Web.<\/p><h5><strong>2. Cookies installed by this website<\/strong><\/h5><p>This website uses cookies for internal use that are essential for the functioning of the website itself. The deactivation of these cookies prevents the normal functioning of some of the functionalities of the website itself.<\/p><p>List of cookies<\/p><p>In the list below you will find detailed information about all the cookies used on this website:<\/p><ul><li><b> Technical cookies &lt;\/ b &gt;: they are used to allow correct communication between the user&#8217;s equipment and the network and intervene in functions such as identifying the user&#8217;s session, remembering the elements of an order, carrying out the purchase process and using security elements. <\/b><\/li><li><b> Personalization cookies <\/b>: they are used to identify a user within the websites owned by NeuroSocial and who can access with its predefined characteristics, such as the preferred language of the web, the regional configuration and other services. All these cookies are their own.<\/li><li><b> User authentication or identification cookies <\/b>: they are used to maintain user access. These are our own cookies.<\/li><li><b> Complement cookies (plug-in) to exchange social content <\/b>: these are cookies that are used to identify the content shared with social networks and other sites Web. We use third-party cookies from Facebook (Facebook, Inc.), Twitter (Twitter, Inc.) and Google+ (Google, Inc.)<\/li><li><b> Analysis Cookies <\/b>: these are third-party cookies (Google Analytics of Google Inc.) are used to measure and analyze the navigation of users as a whole and allow us to improve our service, for example, by removing pages that nobody uses or correcting errors on certain web pages. The application we use to measure and analyze our audience is Google Analytics.<\/li><li><b> Advertising and behavioral advertising cookies <\/b>: they are used to store information about user behavior, which will be used to show you advertising related to your preferences both on this website and on others. It is a safe and transparent practice.<\/li><\/ul><h5><span style=\"font-size: 19px; font-style: normal; font-weight: bold;\"> 3. Guarantee and options about cookies <\/span><\/h5><p>At any time the user has the possibility of accepting or rejecting the installation of cookies, or rejecting the installation of a certain type of cookies, such as advertising or third-party cookies. In addition, after each session you can delete all or some of the stored cookies.<\/p><h5><span style=\"font-size: 19px; font-style: normal; font-weight: bold;\">4. Cambios en la pol\u00edtica de cookies<\/span><\/h5><p><span style=\"font-size: 19px;\">Le recomendamos que revise esta pol\u00edtica de cookies cada vez que se conecte a nuestro sitio web. MO&amp;MA se reserva el derecho de modificar su contenido. En cualquier caso, MO&amp;MA notificar\u00e1 o anunciar\u00e1 el nuevo contenido y las fechas en las que se produzca una revisi\u00f3n de los presentes t\u00e9rminos, para informaci\u00f3n del usuario.<\/span><\/p><h5><span style=\"font-size: 19px; font-style: normal; font-weight: bold;\"> 4. Changes in the cookie policy <\/span><\/h5><p><span style=\"font-size: 19px;\">We recommend that you review this cookie policy each time you connect to our website. MO&amp;MA reserves the right to modify its content. In any case, MO&amp;MA will notify or announce the new content and the dates on which a revision of these terms occurs, for the user&#8217;s information. <\/span><\/p>\t\t\t\t\t\t\t\t<\/div>\n\t\t\t\t<\/div>\n\t\t\t\t\t<\/div>\n\t\t<\/div>\n\t\t\t\t\t<\/div>\n\t\t<\/section>\n\t\t\t\t<\/div>\n\t\t","protected":false},"excerpt":{"rendered":"<p>Cookies policy MO&amp;MA Crisis Management Consultants S.L. (hereinafter MO&amp;MA) has developed this policy to inform you of what a cookie is, which we use on this website and to help you manage them according to your interest. With your first visit to our website, you are being informed of the existence of cookies and of [&hellip;]<\/p>\n","protected":false},"author":4,"featured_media":0,"parent":0,"menu_order":0,"comment_status":"closed","ping_status":"closed","template":"","meta":{"site-sidebar-layout":"no-sidebar","site-content-layout":"page-builder","ast-site-content-layout":"default","site-content-style":"default","site-sidebar-style":"default","ast-global-header-display":"","ast-banner-title-visibility":"","ast-main-header-display":"","ast-hfb-above-header-display":"","ast-hfb-below-header-display":"","ast-hfb-mobile-header-display":"","site-post-title":"disabled","ast-breadcrumbs-content":"","ast-featured-img":"disabled","footer-sml-layout":"","ast-disable-related-posts":"","theme-transparent-header-meta":"default","adv-header-id-meta":"","stick-header-meta":"default","header-above-stick-meta":"","header-main-stick-meta":"","header-below-stick-meta":"","astra-migrate-meta-layouts":"default","ast-page-background-enabled":"default","ast-page-background-meta":{"desktop":{"background-color":"","background-image":"","background-repeat":"repeat","background-position":"center center","background-size":"auto","background-attachment":"scroll","background-type":"","background-media":"","overlay-type":"","overlay-color":"","overlay-opacity":"","overlay-gradient":""},"tablet":{"background-color":"","background-image":"","background-repeat":"repeat","background-position":"center center","background-size":"auto","background-attachment":"scroll","background-type":"","background-media":"","overlay-type":"","overlay-color":"","overlay-opacity":"","overlay-gradient":""},"mobile":{"background-color":"","background-image":"","background-repeat":"repeat","background-position":"center center","background-size":"auto","background-attachment":"scroll","background-type":"","background-media":"","overlay-type":"","overlay-color":"","overlay-opacity":"","overlay-gradient":""}},"ast-content-background-meta":{"desktop":{"background-color":"var(--ast-global-color-5)","background-image":"","background-repeat":"repeat","background-position":"center center","background-size":"auto","background-attachment":"scroll","background-type":"","background-media":"","overlay-type":"","overlay-color":"","overlay-opacity":"","overlay-gradient":""},"tablet":{"background-color":"var(--ast-global-color-5)","background-image":"","background-repeat":"repeat","background-position":"center center","background-size":"auto","background-attachment":"scroll","background-type":"","background-media":"","overlay-type":"","overlay-color":"","overlay-opacity":"","overlay-gradient":""},"mobile":{"background-color":"var(--ast-global-color-5)","background-image":"","background-repeat":"repeat","background-position":"center center","background-size":"auto","background-attachment":"scroll","background-type":"","background-media":"","overlay-type":"","overlay-color":"","overlay-opacity":"","overlay-gradient":""}},"footnotes":""},"class_list":["post-1622","page","type-page","status-publish","hentry"],"yoast_head":"<!-- This site is optimized with the Yoast SEO plugin v27.4 - https:\/\/yoast.com\/product\/yoast-seo-wordpress\/ -->\n<title>Cookies policy - MO&amp;MA Crisis<\/title>\n<meta name=\"robots\" content=\"index, follow, max-snippet:-1, max-image-preview:large, max-video-preview:-1\" \/>\n<link rel=\"canonical\" href=\"https:\/\/moma-crisis.com\/en\/cookies-policy\/\" \/>\n<meta property=\"og:locale\" content=\"en_US\" \/>\n<meta property=\"og:type\" content=\"article\" \/>\n<meta property=\"og:title\" content=\"Cookies policy - MO&amp;MA Crisis\" \/>\n<meta property=\"og:description\" content=\"Cookies policy MO&amp;MA Crisis Management Consultants S.L. (hereinafter MO&amp;MA) has developed this policy to inform you of what a cookie is, which we use on this website and to help you manage them according to your interest. With your first visit to our website, you are being informed of the existence of cookies and of [&hellip;]\" \/>\n<meta property=\"og:url\" content=\"https:\/\/moma-crisis.com\/en\/cookies-policy\/\" \/>\n<meta property=\"og:site_name\" content=\"MO&amp;MA Crisis\" \/>\n<meta property=\"article:modified_time\" content=\"2021-03-11T17:18:32+00:00\" \/>\n<meta name=\"twitter:card\" content=\"summary_large_image\" \/>\n<meta name=\"twitter:label1\" content=\"Est. reading time\" \/>\n\t<meta name=\"twitter:data1\" content=\"6 minutes\" \/>\n<script type=\"application\/ld+json\" class=\"yoast-schema-graph\">{\"@context\":\"https:\\\/\\\/schema.org\",\"@graph\":[{\"@type\":\"WebPage\",\"@id\":\"https:\\\/\\\/moma-crisis.com\\\/en\\\/cookies-policy\\\/\",\"url\":\"https:\\\/\\\/moma-crisis.com\\\/en\\\/cookies-policy\\\/\",\"name\":\"Cookies policy - MO&amp;MA Crisis\",\"isPartOf\":{\"@id\":\"https:\\\/\\\/moma-crisis.com\\\/#website\"},\"datePublished\":\"2020-10-17T10:41:29+00:00\",\"dateModified\":\"2021-03-11T17:18:32+00:00\",\"breadcrumb\":{\"@id\":\"https:\\\/\\\/moma-crisis.com\\\/en\\\/cookies-policy\\\/#breadcrumb\"},\"inLanguage\":\"en-US\",\"potentialAction\":[{\"@type\":\"ReadAction\",\"target\":[\"https:\\\/\\\/moma-crisis.com\\\/en\\\/cookies-policy\\\/\"]}]},{\"@type\":\"BreadcrumbList\",\"@id\":\"https:\\\/\\\/moma-crisis.com\\\/en\\\/cookies-policy\\\/#breadcrumb\",\"itemListElement\":[{\"@type\":\"ListItem\",\"position\":1,\"name\":\"Portada\",\"item\":\"https:\\\/\\\/moma-crisis.com\\\/en\\\/home\\\/\"},{\"@type\":\"ListItem\",\"position\":2,\"name\":\"Cookies policy\"}]},{\"@type\":\"WebSite\",\"@id\":\"https:\\\/\\\/moma-crisis.com\\\/#website\",\"url\":\"https:\\\/\\\/moma-crisis.com\\\/\",\"name\":\"Moma Crisis\",\"description\":\"Gesti\u00f3n y formaci\u00f3n de crisis\",\"publisher\":{\"@id\":\"https:\\\/\\\/moma-crisis.com\\\/#organization\"},\"potentialAction\":[{\"@type\":\"SearchAction\",\"target\":{\"@type\":\"EntryPoint\",\"urlTemplate\":\"https:\\\/\\\/moma-crisis.com\\\/?s={search_term_string}\"},\"query-input\":{\"@type\":\"PropertyValueSpecification\",\"valueRequired\":true,\"valueName\":\"search_term_string\"}}],\"inLanguage\":\"en-US\"},{\"@type\":\"Organization\",\"@id\":\"https:\\\/\\\/moma-crisis.com\\\/#organization\",\"name\":\"Moma Crisis\",\"url\":\"https:\\\/\\\/moma-crisis.com\\\/\",\"logo\":{\"@type\":\"ImageObject\",\"inLanguage\":\"en-US\",\"@id\":\"https:\\\/\\\/moma-crisis.com\\\/#\\\/schema\\\/logo\\\/image\\\/\",\"url\":\"https:\\\/\\\/moma-crisis.com\\\/wp-content\\\/uploads\\\/2024\\\/12\\\/moma-crisis-management-logo-1.png\",\"contentUrl\":\"https:\\\/\\\/moma-crisis.com\\\/wp-content\\\/uploads\\\/2024\\\/12\\\/moma-crisis-management-logo-1.png\",\"width\":1137,\"height\":365,\"caption\":\"Moma Crisis\"},\"image\":{\"@id\":\"https:\\\/\\\/moma-crisis.com\\\/#\\\/schema\\\/logo\\\/image\\\/\"}}]}<\/script>\n<!-- \/ Yoast SEO plugin. -->","yoast_head_json":{"title":"Cookies policy - MO&amp;MA Crisis","robots":{"index":"index","follow":"follow","max-snippet":"max-snippet:-1","max-image-preview":"max-image-preview:large","max-video-preview":"max-video-preview:-1"},"canonical":"https:\/\/moma-crisis.com\/en\/cookies-policy\/","og_locale":"en_US","og_type":"article","og_title":"Cookies policy - MO&amp;MA Crisis","og_description":"Cookies policy MO&amp;MA Crisis Management Consultants S.L. (hereinafter MO&amp;MA) has developed this policy to inform you of what a cookie is, which we use on this website and to help you manage them according to your interest. With your first visit to our website, you are being informed of the existence of cookies and of [&hellip;]","og_url":"https:\/\/moma-crisis.com\/en\/cookies-policy\/","og_site_name":"MO&amp;MA Crisis","article_modified_time":"2021-03-11T17:18:32+00:00","twitter_card":"summary_large_image","twitter_misc":{"Est. reading time":"6 minutes"},"schema":{"@context":"https:\/\/schema.org","@graph":[{"@type":"WebPage","@id":"https:\/\/moma-crisis.com\/en\/cookies-policy\/","url":"https:\/\/moma-crisis.com\/en\/cookies-policy\/","name":"Cookies policy - MO&amp;MA Crisis","isPartOf":{"@id":"https:\/\/moma-crisis.com\/#website"},"datePublished":"2020-10-17T10:41:29+00:00","dateModified":"2021-03-11T17:18:32+00:00","breadcrumb":{"@id":"https:\/\/moma-crisis.com\/en\/cookies-policy\/#breadcrumb"},"inLanguage":"en-US","potentialAction":[{"@type":"ReadAction","target":["https:\/\/moma-crisis.com\/en\/cookies-policy\/"]}]},{"@type":"BreadcrumbList","@id":"https:\/\/moma-crisis.com\/en\/cookies-policy\/#breadcrumb","itemListElement":[{"@type":"ListItem","position":1,"name":"Portada","item":"https:\/\/moma-crisis.com\/en\/home\/"},{"@type":"ListItem","position":2,"name":"Cookies policy"}]},{"@type":"WebSite","@id":"https:\/\/moma-crisis.com\/#website","url":"https:\/\/moma-crisis.com\/","name":"Moma Crisis","description":"Gesti\u00f3n y formaci\u00f3n de crisis","publisher":{"@id":"https:\/\/moma-crisis.com\/#organization"},"potentialAction":[{"@type":"SearchAction","target":{"@type":"EntryPoint","urlTemplate":"https:\/\/moma-crisis.com\/?s={search_term_string}"},"query-input":{"@type":"PropertyValueSpecification","valueRequired":true,"valueName":"search_term_string"}}],"inLanguage":"en-US"},{"@type":"Organization","@id":"https:\/\/moma-crisis.com\/#organization","name":"Moma Crisis","url":"https:\/\/moma-crisis.com\/","logo":{"@type":"ImageObject","inLanguage":"en-US","@id":"https:\/\/moma-crisis.com\/#\/schema\/logo\/image\/","url":"https:\/\/moma-crisis.com\/wp-content\/uploads\/2024\/12\/moma-crisis-management-logo-1.png","contentUrl":"https:\/\/moma-crisis.com\/wp-content\/uploads\/2024\/12\/moma-crisis-management-logo-1.png","width":1137,"height":365,"caption":"Moma Crisis"},"image":{"@id":"https:\/\/moma-crisis.com\/#\/schema\/logo\/image\/"}}]}},"_links":{"self":[{"href":"https:\/\/moma-crisis.com\/en\/wp-json\/wp\/v2\/pages\/1622","targetHints":{"allow":["GET"]}}],"collection":[{"href":"https:\/\/moma-crisis.com\/en\/wp-json\/wp\/v2\/pages"}],"about":[{"href":"https:\/\/moma-crisis.com\/en\/wp-json\/wp\/v2\/types\/page"}],"author":[{"embeddable":true,"href":"https:\/\/moma-crisis.com\/en\/wp-json\/wp\/v2\/users\/4"}],"replies":[{"embeddable":true,"href":"https:\/\/moma-crisis.com\/en\/wp-json\/wp\/v2\/comments?post=1622"}],"version-history":[{"count":0,"href":"https:\/\/moma-crisis.com\/en\/wp-json\/wp\/v2\/pages\/1622\/revisions"}],"wp:attachment":[{"href":"https:\/\/moma-crisis.com\/en\/wp-json\/wp\/v2\/media?parent=1622"}],"curies":[{"name":"wp","href":"https:\/\/api.w.org\/{rel}","templated":true}]}}